{"id":622,"date":"2025-10-27T14:51:48","date_gmt":"2025-10-27T14:51:48","guid":{"rendered":"https:\/\/sequencesephemeres.com\/?page_id=622"},"modified":"2025-10-27T15:26:23","modified_gmt":"2025-10-27T15:26:23","slug":"home-2","status":"publish","type":"page","link":"https:\/\/sequencesephemeres.com\/en\/home-2\/","title":{"rendered":"Collective Making"},"content":{"rendered":"<div data-elementor-type=\"wp-page\" data-elementor-id=\"622\" class=\"elementor elementor-622\" data-elementor-post-type=\"page\">\n\t\t\t\t<div class=\"elementor-element elementor-element-39b3102e e-flex e-con-boxed e-con e-parent\" data-id=\"39b3102e\" data-element_type=\"container\" data-settings=\"{&quot;background_background&quot;:&quot;video&quot;,&quot;background_video_link&quot;:&quot;https:\\\/\\\/vimeo.com\\\/1130938249?fl=ip&amp;fe=ec&quot;,&quot;background_play_on_mobile&quot;:&quot;yes&quot;}\">\n\t\t\t\t\t<div class=\"e-con-inner\">\n\t\t<div class=\"elementor-background-video-container\" aria-hidden=\"true\">\n\t\t\t\t\t\t\t<div class=\"elementor-background-video-embed\"><\/div>\n\t\t\t\t\t\t<\/div><div class=\"elementor-element elementor-element-115912d e-con-full e-flex e-con e-child\" data-id=\"115912d\" data-element_type=\"container\">\n\t\t\t\t<\/div>\n\t\t\t\t<div class=\"elementor-element elementor-element-6c44dc14 elementor-widget elementor-widget-heading\" data-id=\"6c44dc14\" data-element_type=\"widget\" data-widget_type=\"heading.default\">\n\t\t\t\t\t<h6 class=\"elementor-heading-title elementor-size-default\">our way of working<\/h6>\t\t\t\t<\/div>\n\t\t\t\t<div class=\"elementor-element elementor-element-7135770b elementor-widget__width-inherit elementor-widget elementor-widget-heading\" data-id=\"7135770b\" data-element_type=\"widget\" data-widget_type=\"heading.default\">\n\t\t\t\t\t<h1 class=\"elementor-heading-title elementor-size-default\">Collective Making<\/h1>\t\t\t\t<\/div>\n\t\t\t\t\t<\/div>\n\t\t\t\t<\/div>\n\t\t<div class=\"elementor-element elementor-element-2b2beba8 e-flex e-con-boxed e-con e-parent\" data-id=\"2b2beba8\" data-element_type=\"container\">\n\t\t\t\t\t<div class=\"e-con-inner\">\n\t\t<div class=\"elementor-element elementor-element-25b3a2c5 e-con-full e-flex e-con e-child\" data-id=\"25b3a2c5\" data-element_type=\"container\">\n\t\t\t\t<div class=\"elementor-element elementor-element-67fdea72 elementor-widget elementor-widget-heading\" data-id=\"67fdea72\" data-element_type=\"widget\" data-widget_type=\"heading.default\">\n\t\t\t\t\t<h2 class=\"elementor-heading-title elementor-size-default\">Collective Making is our way of doing things.<\/h2>\t\t\t\t<\/div>\n\t\t\t\t<div class=\"elementor-element elementor-element-7fc1e434 elementor-widget elementor-widget-heading\" data-id=\"7fc1e434\" data-element_type=\"widget\" data-widget_type=\"heading.default\">\n\t\t\t\t\t<h5 class=\"elementor-heading-title elementor-size-default\"><p data-start=\"698\" data-end=\"1041\">We believe that technology only makes sense when it connects people - artists, researchers, technicians, students, or the public.\nOur studio and tools are open to all those who wish to experiment, observe, measure, create or simply understand in a different way. Here, we share knowledge and practices, from gesture to image, from movement to data.<\/p><\/h5>\t\t\t\t<\/div>\n\t\t\t\t<\/div>\n\t\t\t\t\t<\/div>\n\t\t\t\t<\/div>\n\t\t<div class=\"elementor-element elementor-element-37f4352a e-flex e-con-boxed e-con e-parent\" data-id=\"37f4352a\" data-element_type=\"container\">\n\t\t\t\t\t<div class=\"e-con-inner\">\n\t\t<div class=\"elementor-element elementor-element-6a433606 e-con-full e-flex e-con e-child\" data-id=\"6a433606\" data-element_type=\"container\">\n\t\t\t\t<div class=\"elementor-element elementor-element-ad91363 elementor-widget elementor-widget-heading\" data-id=\"ad91363\" data-element_type=\"widget\" data-widget_type=\"heading.default\">\n\t\t\t\t\t<h2 class=\"elementor-heading-title elementor-size-default\">What we do together<\/h2>\t\t\t\t<\/div>\n\t\t\t\t<div class=\"elementor-element elementor-element-bae6c1c elementor-widget__width-initial elementor-widget elementor-widget-text-editor\" data-id=\"bae6c1c\" data-element_type=\"widget\" data-widget_type=\"text-editor.default\">\n\t\t\t\t\t\t\t\t\t<p>We move forward with those who wish to explore, understand or create differently.<br data-start=\"424\" data-end=\"427\" \/>Our work is always born of encounters - between disciplines, between practices, between people.<br data-start=\"525\" data-end=\"528\" \/>Whether artist, researcher, technician or student, each brings his or her own way of seeing, and together we bring new forms to life.<br data-start=\"696\" data-end=\"699\" \/>Our role is to open up the field of possibilities: to link gesture and thought, technology and the living world, knowledge and intuition.<br data-start=\"832\" data-end=\"835\" \/><strong data-start=\"835\" data-end=\"853\" data-is-only-node=\"\">Collective Making<\/strong>, is about learning, experimenting and building meaningful collective experiences.<\/p>\t\t\t\t\t\t\t\t<\/div>\n\t\t\t\t<\/div>\n\t\t<div class=\"elementor-element elementor-element-23fc28a4 e-con-full e-flex e-con e-child\" data-id=\"23fc28a4\" data-element_type=\"container\">\n\t\t\t\t<div class=\"elementor-element elementor-element-246a9496 elementor-widget elementor-widget-image\" data-id=\"246a9496\" data-element_type=\"widget\" data-widget_type=\"image.default\">\n\t\t\t\t\t\t\t\t\t\t\t\t\t\t\t<img fetchpriority=\"high\" decoding=\"async\" width=\"1920\" height=\"1080\" src=\"https:\/\/sequencesephemeres.com\/wp-content\/uploads\/2025\/07\/DSC04295.jpg\" class=\"attachment-full size-full wp-image-176\" alt=\"\" srcset=\"https:\/\/sequencesephemeres.com\/wp-content\/uploads\/2025\/07\/DSC04295.jpg 1920w, https:\/\/sequencesephemeres.com\/wp-content\/uploads\/2025\/07\/DSC04295-300x169.jpg 300w, https:\/\/sequencesephemeres.com\/wp-content\/uploads\/2025\/07\/DSC04295-1024x576.jpg 1024w, https:\/\/sequencesephemeres.com\/wp-content\/uploads\/2025\/07\/DSC04295-768x432.jpg 768w, https:\/\/sequencesephemeres.com\/wp-content\/uploads\/2025\/07\/DSC04295-1536x864.jpg 1536w\" sizes=\"(max-width: 1920px) 100vw, 1920px\" \/>\t\t\t\t\t\t\t\t\t\t\t\t\t\t\t<\/div>\n\t\t\t\t<\/div>\n\t\t\t\t\t<\/div>\n\t\t\t\t<\/div>\n\t\t<div class=\"elementor-element elementor-element-e70c914 e-flex e-con-boxed e-con e-parent\" data-id=\"e70c914\" data-element_type=\"container\">\n\t\t\t\t\t<div class=\"e-con-inner\">\n\t\t<div class=\"elementor-element elementor-element-5745745 e-con-full e-flex e-con e-child\" data-id=\"5745745\" data-element_type=\"container\">\n\t\t\t\t<div class=\"elementor-element elementor-element-bd66c84 elementor-widget-tablet__width-initial elementor-widget-mobile__width-inherit elementor-widget__width-initial elementor-widget elementor-widget-image-box\" data-id=\"bd66c84\" data-element_type=\"widget\" data-widget_type=\"image-box.default\">\n\t\t\t\t\t<div class=\"elementor-image-box-wrapper\"><div class=\"elementor-image-box-content\"><h4 class=\"elementor-image-box-title\"><a href=\"https:\/\/sequencesephemeres.com\/en\/research-lab\/\">Creation &amp; Motion Capture<\/a><\/h4><p class=\"elementor-image-box-description\">We produce motion, face and hand capture for artistic, scientific or educational projects.\nWhether it's a short sequence, a performance or a game prototype, we support creators every step of the way: capture, transfer, integration into Blender, Unreal Engine or MotionBuilder.<\/p><\/div><\/div>\t\t\t\t<\/div>\n\t\t\t\t<div class=\"elementor-element elementor-element-b449cab elementor-widget-tablet__width-initial elementor-widget-mobile__width-inherit elementor-widget__width-initial elementor-widget elementor-widget-image-box\" data-id=\"b449cab\" data-element_type=\"widget\" data-widget_type=\"image-box.default\">\n\t\t\t\t\t<div class=\"elementor-image-box-wrapper\"><div class=\"elementor-image-box-content\"><h4 class=\"elementor-image-box-title\"><a href=\"https:\/\/sequencesephemeres.com\/en\/research-lab\/\">Research &amp; Experimentation<\/a><\/h4><p class=\"elementor-image-box-description\">The studio collaborates with researchers, engineers, artists and institutions on subjects combining biomechanics, perception and digital creation.\nOur devices enable us to collect, analyze and visualize the dynamics of the body, gesture and interpretation.<\/p><\/div><\/div>\t\t\t\t<\/div>\n\t\t\t\t<div class=\"elementor-element elementor-element-d0eac7b elementor-widget-tablet__width-initial elementor-widget-mobile__width-inherit elementor-widget__width-initial elementor-widget elementor-widget-image-box\" data-id=\"d0eac7b\" data-element_type=\"widget\" data-widget_type=\"image-box.default\">\n\t\t\t\t\t<div class=\"elementor-image-box-wrapper\"><div class=\"elementor-image-box-content\"><h4 class=\"elementor-image-box-title\"><a href=\"https:\/\/sequencesephemeres.com\/en\/performance-lab\/\">Digital twins<\/a><\/h4><p class=\"elementor-image-box-description\">Together with our partners, we digitize objects, faces and heritage sites to document, preserve and transmit them in new ways.\nThese data can be integrated into 3D environments, VR experiences or interactive archives.<\/p><\/div><\/div>\t\t\t\t<\/div>\n\t\t\t\t<div class=\"elementor-element elementor-element-c177bf4 elementor-widget-tablet__width-initial elementor-widget-mobile__width-inherit elementor-widget__width-initial elementor-widget elementor-widget-image-box\" data-id=\"c177bf4\" data-element_type=\"widget\" data-widget_type=\"image-box.default\">\n\t\t\t\t\t<div class=\"elementor-image-box-wrapper\"><div class=\"elementor-image-box-content\"><h4 class=\"elementor-image-box-title\"><a href=\"https:\/\/sequencesephemeres.com\/en\/creative-lab\/\">Training &amp; Transmission<\/a><\/h4><p class=\"elementor-image-box-description\">We take part in schools, residencies, institutions and events to share our knowledge of motion capture, digital storytelling and new media.\nWorkshops, lectures, masterclasses: every encounter is an exchange experience.<\/p><\/div><\/div>\t\t\t\t<\/div>\n\t\t\t\t<div class=\"elementor-element elementor-element-7be8144 elementor-widget-tablet__width-initial elementor-widget-mobile__width-inherit elementor-widget__width-initial elementor-widget elementor-widget-image-box\" data-id=\"7be8144\" data-element_type=\"widget\" data-widget_type=\"image-box.default\">\n\t\t\t\t\t<div class=\"elementor-image-box-wrapper\"><div class=\"elementor-image-box-content\"><h4 class=\"elementor-image-box-title\"><a href=\"https:\/\/sequencesephemeres.com\/en\/creative-lab\/\">Co-productions &amp; Partnerships<\/a><\/h4><p class=\"elementor-image-box-description\">We support studios, collectives and project leaders who are looking for human and technical support without going through large structures.\nThe idea is to facilitate the creation of prototypes, stages or experiments, on a peer-to-peer basis.<\/p><\/div><\/div>\t\t\t\t<\/div>\n\t\t\t\t<div class=\"elementor-element elementor-element-ed0b23c elementor-widget-tablet__width-initial elementor-widget-mobile__width-inherit elementor-widget__width-initial elementor-widget elementor-widget-image-box\" data-id=\"ed0b23c\" data-element_type=\"widget\" data-widget_type=\"image-box.default\">\n\t\t\t\t\t<div class=\"elementor-image-box-wrapper\"><div class=\"elementor-image-box-content\"><h4 class=\"elementor-image-box-title\"><a href=\"https:\/\/sequencesephemeres.com\/en\/creative-lab\/\">A mobile studio<\/a><\/h4><p class=\"elementor-image-box-description\">Our equipment is completely portable.\nWe can work at the K-Area studio, but also on site, in schools, museums, theaters or natural spaces.\nThis mobility is at the heart of our philosophy: if you can't come to us, we'll come to you.<\/p><\/div><\/div>\t\t\t\t<\/div>\n\t\t\t\t<\/div>\n\t\t\t\t\t<\/div>\n\t\t\t\t<\/div>\n\t\t<div class=\"elementor-element elementor-element-6b1e54e5 e-flex e-con-boxed e-con e-parent\" data-id=\"6b1e54e5\" data-element_type=\"container\">\n\t\t\t\t\t<div class=\"e-con-inner\">\n\t\t<div class=\"elementor-element elementor-element-12759082 e-con-full e-flex e-con e-child\" data-id=\"12759082\" data-element_type=\"container\">\n\t\t\t\t<div class=\"elementor-element elementor-element-e70bcad elementor-widget elementor-widget-image\" data-id=\"e70bcad\" data-element_type=\"widget\" data-widget_type=\"image.default\">\n\t\t\t\t\t\t\t\t\t\t\t\t\t\t\t<img decoding=\"async\" width=\"800\" height=\"450\" src=\"https:\/\/sequencesephemeres.com\/wp-content\/uploads\/2025\/08\/DSC04094-1024x576.jpg\" class=\"attachment-large size-large wp-image-343\" alt=\"\" srcset=\"https:\/\/sequencesephemeres.com\/wp-content\/uploads\/2025\/08\/DSC04094-1024x576.jpg 1024w, https:\/\/sequencesephemeres.com\/wp-content\/uploads\/2025\/08\/DSC04094-300x169.jpg 300w, https:\/\/sequencesephemeres.com\/wp-content\/uploads\/2025\/08\/DSC04094-768x432.jpg 768w, https:\/\/sequencesephemeres.com\/wp-content\/uploads\/2025\/08\/DSC04094.jpg 1400w\" sizes=\"(max-width: 800px) 100vw, 800px\" \/>\t\t\t\t\t\t\t\t\t\t\t\t\t\t\t<\/div>\n\t\t\t\t<\/div>\n\t\t<div class=\"elementor-element elementor-element-4606971 e-con-full e-flex e-con e-child\" data-id=\"4606971\" data-element_type=\"container\">\n\t\t\t\t<div class=\"elementor-element elementor-element-7a0fc07e elementor-widget elementor-widget-heading\" data-id=\"7a0fc07e\" data-element_type=\"widget\" data-widget_type=\"heading.default\">\n\t\t\t\t\t<h2 class=\"elementor-heading-title elementor-size-default\">Get in touch<\/h2>\t\t\t\t<\/div>\n\t\t\t\t<div class=\"elementor-element elementor-element-30cff0fe elementor-widget elementor-widget-text-editor\" data-id=\"30cff0fe\" data-element_type=\"widget\" data-widget_type=\"text-editor.default\">\n\t\t\t\t\t\t\t\t\t<p>Do you have a project, an idea, research or a desire to collaborate?<br data-start=\"3558\" data-end=\"3561\" \/>Let's write, experiment and share.<\/p>\t\t\t\t\t\t\t\t<\/div>\n\t\t\t\t<div class=\"elementor-element elementor-element-79be1d0 elementor-widget elementor-widget-button\" data-id=\"79be1d0\" data-element_type=\"widget\" data-widget_type=\"button.default\">\n\t\t\t\t\t\t\t\t\t\t<a class=\"elementor-button elementor-button-link elementor-size-sm\" href=\"https:\/\/sequencesephemeres.com\/en\/contact\/\">\n\t\t\t\t\t\t<span class=\"elementor-button-content-wrapper\">\n\t\t\t\t\t\t\t\t\t<span class=\"elementor-button-text\">Contact us<\/span>\n\t\t\t\t\t<\/span>\n\t\t\t\t\t<\/a>\n\t\t\t\t\t\t\t\t<\/div>\n\t\t\t\t<\/div>\n\t\t\t\t\t<\/div>\n\t\t\t\t<\/div>\n\t\t\t\t<\/div>","protected":false},"excerpt":{"rendered":"<p>notre fa\u00e7on de travailler Faire ensemble Faire ensemble, c\u2019est notre fa\u00e7on de travailler. Nous croyons que la technologie n\u2019a de sens que lorsqu\u2019elle relie les personnes \u2014 artistes, chercheurs, techniciens, \u00e9tudiants, ou publics. Notre studio et nos outils sont ouverts \u00e0 celles et ceux qui souhaitent exp\u00e9rimenter, observer, mesurer, cr\u00e9er ou simplement comprendre autrement. Ici, [&hellip;]<\/p>","protected":false},"author":1,"featured_media":0,"parent":0,"menu_order":0,"comment_status":"closed","ping_status":"closed","template":"elementor_header_footer","meta":{"footnotes":""},"class_list":["post-622","page","type-page","status-publish","hentry"],"_links":{"self":[{"href":"https:\/\/sequencesephemeres.com\/en\/wp-json\/wp\/v2\/pages\/622","targetHints":{"allow":["GET"]}}],"collection":[{"href":"https:\/\/sequencesephemeres.com\/en\/wp-json\/wp\/v2\/pages"}],"about":[{"href":"https:\/\/sequencesephemeres.com\/en\/wp-json\/wp\/v2\/types\/page"}],"author":[{"embeddable":true,"href":"https:\/\/sequencesephemeres.com\/en\/wp-json\/wp\/v2\/users\/1"}],"replies":[{"embeddable":true,"href":"https:\/\/sequencesephemeres.com\/en\/wp-json\/wp\/v2\/comments?post=622"}],"version-history":[{"count":9,"href":"https:\/\/sequencesephemeres.com\/en\/wp-json\/wp\/v2\/pages\/622\/revisions"}],"predecessor-version":[{"id":633,"href":"https:\/\/sequencesephemeres.com\/en\/wp-json\/wp\/v2\/pages\/622\/revisions\/633"}],"wp:attachment":[{"href":"https:\/\/sequencesephemeres.com\/en\/wp-json\/wp\/v2\/media?parent=622"}],"curies":[{"name":"wp","href":"https:\/\/api.w.org\/{rel}","templated":true}]}}