{"id":606,"date":"2025-10-22T19:42:52","date_gmt":"2025-10-22T19:42:52","guid":{"rendered":"https:\/\/sequencesephemeres.com\/?page_id=606"},"modified":"2025-10-22T19:45:36","modified_gmt":"2025-10-22T19:45:36","slug":"studio","status":"publish","type":"page","link":"https:\/\/sequencesephemeres.com\/en\/studio\/","title":{"rendered":"Studio"},"content":{"rendered":"<div data-elementor-type=\"wp-page\" data-elementor-id=\"606\" class=\"elementor elementor-606\" data-elementor-post-type=\"page\">\n\t\t\t\t<div class=\"elementor-element elementor-element-502e7cd0 e-con-full elementor-hidden-desktop elementor-hidden-tablet elementor-hidden-mobile e-flex e-con e-parent\" data-id=\"502e7cd0\" data-element_type=\"container\">\n\t\t<div class=\"elementor-element elementor-element-751d1e7a e-con-full e-flex e-con e-child\" data-id=\"751d1e7a\" data-element_type=\"container\">\n\t\t\t\t<div class=\"elementor-element elementor-element-32f9e769 elementor-widget elementor-widget-heading\" data-id=\"32f9e769\" data-element_type=\"widget\" data-widget_type=\"heading.default\">\n\t\t\t\t\t<h1 class=\"elementor-heading-title elementor-size-default\">Our Mission<\/h1>\t\t\t\t<\/div>\n\t\t\t\t<div class=\"elementor-element elementor-element-87311ee elementor-widget elementor-widget-text-editor\" data-id=\"87311ee\" data-element_type=\"widget\" data-widget_type=\"text-editor.default\">\n\t\t\t\t\t\t\t\t\t<p>So, have you edited global styles already ;-)? If you want to preview this site's global styles, load the \u00abGlobal Styles\u00bb page.<\/p>\t\t\t\t\t\t\t\t<\/div>\n\t\t\t\t<\/div>\n\t\t<div class=\"elementor-element elementor-element-1c491951 e-con-full e-flex e-con e-child\" data-id=\"1c491951\" data-element_type=\"container\" data-settings=\"{&quot;background_background&quot;:&quot;classic&quot;}\">\n\t\t\t\t<\/div>\n\t\t\t\t<\/div>\n\t\t<div class=\"elementor-element elementor-element-04b3343 e-con-full e-flex e-con e-parent\" data-id=\"04b3343\" data-element_type=\"container\">\n\t\t<div class=\"elementor-element elementor-element-f50050b e-con-full e-flex e-con e-child\" data-id=\"f50050b\" data-element_type=\"container\">\n\t\t\t\t<div class=\"elementor-element elementor-element-4657096 elementor-widget elementor-widget-heading\" data-id=\"4657096\" data-element_type=\"widget\" data-widget_type=\"heading.default\">\n\t\t\t\t\t<h1 class=\"elementor-heading-title elementor-size-default\">Our Little Studio<\/h1>\t\t\t\t<\/div>\n\t\t\t\t<div class=\"elementor-element elementor-element-baab7e1 elementor-widget elementor-widget-text-editor\" data-id=\"baab7e1\" data-element_type=\"widget\" data-widget_type=\"text-editor.default\">\n\t\t\t\t\t\t\t\t\t<p data-start=\"339\" data-end=\"646\"><strong data-start=\"339\" data-end=\"359\">Studio K-Area<\/strong>, located in the countryside of Le Vauclin, in the south of Martinique, is the beating heart of our business.<br data-start=\"458\" data-end=\"461\" \/>An air-conditioned <strong data-start=\"484\" data-end=\"501\">5.5 m \u00d7 7.8 m<\/strong>, simple and functional, where technology meets the sensory.<br data-start=\"566\" data-end=\"569\" \/>This is where the links between <strong data-start=\"601\" data-end=\"643\">research, experimentation and creation<\/strong>.<\/p><p data-start=\"648\" data-end=\"1062\">It was in this small studio that the gestures and images of <em data-start=\"716\" data-end=\"737\">Ephemeral Sequences<\/em>.<br data-start=\"738\" data-end=\"741\" \/>Under the impetus of <strong data-start=\"761\" data-end=\"788\">Georges-Emmanuel Arnaud<\/strong>, photographer and sculptor, the space remains in motion: it hosts the projects of the association <strong data-start=\"888\" data-end=\"903\">ANISOTROPIE<\/strong>, artists in residence, moments of recording and reflection.<br \/><br data-start=\"973\" data-end=\"976\" \/>The watchword: always something going on! <strong data-start=\"1034\" data-end=\"1062\">from thought to action.<\/strong><\/p>\t\t\t\t\t\t\t\t<\/div>\n\t\t\t\t<\/div>\n\t\t<div class=\"elementor-element elementor-element-a57ec6b e-con-full e-flex e-con e-child\" data-id=\"a57ec6b\" data-element_type=\"container\" data-settings=\"{&quot;background_background&quot;:&quot;classic&quot;}\">\n\t\t\t\t<\/div>\n\t\t\t\t<\/div>\n\t\t<div class=\"elementor-element elementor-element-12362f25 e-con-full e-flex e-con e-parent\" data-id=\"12362f25\" data-element_type=\"container\">\n\t\t<div class=\"elementor-element elementor-element-3b832eae e-con-full e-flex e-con e-child\" data-id=\"3b832eae\" data-element_type=\"container\" data-settings=\"{&quot;background_background&quot;:&quot;classic&quot;}\">\n\t\t\t\t<\/div>\n\t\t<div class=\"elementor-element elementor-element-5fb925c2 e-con-full e-flex e-con e-child\" data-id=\"5fb925c2\" data-element_type=\"container\">\n\t\t\t\t<div class=\"elementor-element elementor-element-66714b5e elementor-widget elementor-widget-heading\" data-id=\"66714b5e\" data-element_type=\"widget\" data-widget_type=\"heading.default\">\n\t\t\t\t\t<h2 class=\"elementor-heading-title elementor-size-default\">Our Grand Studio<\/h2>\t\t\t\t<\/div>\n\t\t\t\t<div class=\"elementor-element elementor-element-27ae8a3d elementor-widget elementor-widget-text-editor\" data-id=\"27ae8a3d\" data-element_type=\"widget\" data-widget_type=\"text-editor.default\">\n\t\t\t\t\t\t\t\t\t<p data-start=\"1097\" data-end=\"1343\">A vibrant, plural, open-air territory.<br data-start=\"1187\" data-end=\"1190\" \/>Our equipment is <strong data-start=\"1209\" data-end=\"1231\">fully mobile<\/strong> Motion capture suits, sensors, cameras, portable stations... everything can be moved, installed and shared.<\/p><p data-start=\"1345\" data-end=\"1541\">From Fort-de-France to Vauclin, from Saint-Pierre to Sainte-Anne, any location can become a space for creation and encounters.<br data-start=\"1469\" data-end=\"1472\" \/>When you can't come to us, <strong data-start=\"1507\" data-end=\"1539\">we reach out to others.<\/strong><\/p><p data-start=\"1543\" data-end=\"1707\">The Grand Studio is the island itself. <strong data-start=\"1588\" data-end=\"1616\">our living laboratory<\/strong>, where heritage, culture and technology interact to the rhythm of the wind and the sea.<\/p>\t\t\t\t\t\t\t\t<\/div>\n\t\t\t\t<\/div>\n\t\t\t\t<\/div>\n\t\t<div class=\"elementor-element elementor-element-629fedc2 elementor-hidden-desktop elementor-hidden-tablet elementor-hidden-mobile e-flex e-con-boxed e-con e-parent\" data-id=\"629fedc2\" data-element_type=\"container\">\n\t\t\t\t\t<div class=\"e-con-inner\">\n\t\t\t\t<div class=\"elementor-element elementor-element-521e1b90 elementor-widget elementor-widget-heading\" data-id=\"521e1b90\" data-element_type=\"widget\" data-widget_type=\"heading.default\">\n\t\t\t\t\t<h2 class=\"elementor-heading-title elementor-size-default\">Project Team<\/h2>\t\t\t\t<\/div>\n\t\t<div class=\"elementor-element elementor-element-55a76e36 e-con-full e-flex e-con e-child\" data-id=\"55a76e36\" data-element_type=\"container\">\n\t\t\t\t<div class=\"elementor-element elementor-element-267eeb8d elementor-widget__width-initial elementor-widget-mobile__width-inherit elementor-position-top elementor-widget elementor-widget-image-box\" data-id=\"267eeb8d\" data-element_type=\"widget\" data-widget_type=\"image-box.default\">\n\t\t\t\t\t<div class=\"elementor-image-box-wrapper\"><figure class=\"elementor-image-box-img\"><img fetchpriority=\"high\" decoding=\"async\" width=\"1080\" height=\"1350\" src=\"https:\/\/sequencesephemeres.com\/wp-content\/uploads\/2025\/08\/85227327_3582221468517539_1978189248511082496_n.jpg\" class=\"elementor-animation-grow attachment-full size-full wp-image-524\" alt=\"\" srcset=\"https:\/\/sequencesephemeres.com\/wp-content\/uploads\/2025\/08\/85227327_3582221468517539_1978189248511082496_n.jpg 1080w, https:\/\/sequencesephemeres.com\/wp-content\/uploads\/2025\/08\/85227327_3582221468517539_1978189248511082496_n-240x300.jpg 240w, https:\/\/sequencesephemeres.com\/wp-content\/uploads\/2025\/08\/85227327_3582221468517539_1978189248511082496_n-819x1024.jpg 819w, https:\/\/sequencesephemeres.com\/wp-content\/uploads\/2025\/08\/85227327_3582221468517539_1978189248511082496_n-768x960.jpg 768w\" sizes=\"(max-width: 1080px) 100vw, 1080px\" \/><\/figure><div class=\"elementor-image-box-content\"><h4 class=\"elementor-image-box-title\">Olivia NIDAUD, Dance Consultant<br><\/h4><p class=\"elementor-image-box-description\">Olivia Nidaud is a dancer trained in Paris and New York in jazz, modern and classical dance.\nAlso a naturopath, she links the art of movement to overall well-being.\nPassionate about transmitting and sharing culture, she develops her projects between dance and health.\nShe is the organizer of the O.N. Danse Martinique Summer Intensive.<\/p><\/div><\/div>\t\t\t\t<\/div>\n\t\t\t\t<div class=\"elementor-element elementor-element-6d306986 elementor-widget__width-initial elementor-widget-mobile__width-inherit elementor-position-top elementor-widget elementor-widget-image-box\" data-id=\"6d306986\" data-element_type=\"widget\" data-widget_type=\"image-box.default\">\n\t\t\t\t\t<div class=\"elementor-image-box-wrapper\"><figure class=\"elementor-image-box-img\"><img decoding=\"async\" width=\"1600\" height=\"2000\" src=\"https:\/\/sequencesephemeres.com\/wp-content\/uploads\/2025\/08\/DSC07517.jpg\" class=\"elementor-animation-grow attachment-full size-full wp-image-561\" alt=\"\" srcset=\"https:\/\/sequencesephemeres.com\/wp-content\/uploads\/2025\/08\/DSC07517.jpg 1600w, https:\/\/sequencesephemeres.com\/wp-content\/uploads\/2025\/08\/DSC07517-240x300.jpg 240w, https:\/\/sequencesephemeres.com\/wp-content\/uploads\/2025\/08\/DSC07517-819x1024.jpg 819w, https:\/\/sequencesephemeres.com\/wp-content\/uploads\/2025\/08\/DSC07517-768x960.jpg 768w, https:\/\/sequencesephemeres.com\/wp-content\/uploads\/2025\/08\/DSC07517-1229x1536.jpg 1229w\" sizes=\"(max-width: 1600px) 100vw, 1600px\" \/><\/figure><div class=\"elementor-image-box-content\"><h4 class=\"elementor-image-box-title\">Georges-Emmanuel ARNAUD, Project Manager<\/h4><p class=\"elementor-image-box-description\">Georges-Emmanuel Arnaud is a Martinican artist, photographer and sculptor, who uses the territory and its inhabitants as the raw material for his work. Between portraits, visual experiments and digital creations, he explores the links between memory and the present, between body and landscape. His career has led him to combine traditional practices with technological innovations, inventing new ways of telling and transmitting stories. Always rooted in his island, he develops his projects with an international outlook, seeking to give tangible and intangible heritage a contemporary and universal resonance.<\/p><\/div><\/div>\t\t\t\t<\/div>\n\t\t\t\t<div class=\"elementor-element elementor-element-410b879b elementor-widget__width-initial elementor-widget-mobile__width-inherit elementor-position-top elementor-widget elementor-widget-image-box\" data-id=\"410b879b\" data-element_type=\"widget\" data-widget_type=\"image-box.default\">\n\t\t\t\t\t<div class=\"elementor-image-box-wrapper\"><figure class=\"elementor-image-box-img\"><img decoding=\"async\" width=\"1152\" height=\"1433\" src=\"https:\/\/sequencesephemeres.com\/wp-content\/uploads\/2025\/08\/WhatsApp-Image-2025-08-12-at-18.19-1.jpg\" class=\"elementor-animation-grow attachment-full size-full wp-image-526\" alt=\"\" srcset=\"https:\/\/sequencesephemeres.com\/wp-content\/uploads\/2025\/08\/WhatsApp-Image-2025-08-12-at-18.19-1.jpg 1152w, https:\/\/sequencesephemeres.com\/wp-content\/uploads\/2025\/08\/WhatsApp-Image-2025-08-12-at-18.19-1-241x300.jpg 241w, https:\/\/sequencesephemeres.com\/wp-content\/uploads\/2025\/08\/WhatsApp-Image-2025-08-12-at-18.19-1-823x1024.jpg 823w, https:\/\/sequencesephemeres.com\/wp-content\/uploads\/2025\/08\/WhatsApp-Image-2025-08-12-at-18.19-1-768x955.jpg 768w\" sizes=\"(max-width: 1152px) 100vw, 1152px\" \/><\/figure><div class=\"elementor-image-box-content\"><h4 class=\"elementor-image-box-title\">Karton INOVATIV, Assistant<\/h4><p class=\"elementor-image-box-description\"><strong data-start=\"104\" data-end=\"114\">Karton<\/strong> is more than just a cart: it's our companion on the road, our faithful Sherpa on shoots and in residences. Model <strong data-start=\"231\" data-end=\"246\">Voyager NXT<\/strong> from Inovativ, he carries cameras, computers and digital dreams with elegance on wheels. Solid as a rock but always ready to pack, he's become almost a member of the team - except that he doesn't ask for coffee or a lunch break.<\/p><\/div><\/div>\t\t\t\t<\/div>\n\t\t\t\t<\/div>\n\t\t\t\t\t<\/div>\n\t\t\t\t<\/div>\n\t\t<div class=\"elementor-element elementor-element-79653d3f elementor-hidden-desktop elementor-hidden-tablet elementor-hidden-mobile e-flex e-con-boxed e-con e-parent\" data-id=\"79653d3f\" data-element_type=\"container\" data-settings=\"{&quot;background_background&quot;:&quot;classic&quot;}\">\n\t\t\t\t\t<div class=\"e-con-inner\">\n\t\t\t\t<div class=\"elementor-element elementor-element-1f49d5d3 elementor-view-default elementor-position-top elementor-mobile-position-top elementor-widget elementor-widget-icon-box\" data-id=\"1f49d5d3\" data-element_type=\"widget\" data-widget_type=\"icon-box.default\">\n\t\t\t\t\t\t\t<div class=\"elementor-icon-box-wrapper\">\n\n\t\t\t\t\t\t<div class=\"elementor-icon-box-icon\">\n\t\t\t\t<span  class=\"elementor-icon\">\n\t\t\t\t<svg xmlns=\"http:\/\/www.w3.org\/2000\/svg\" id=\"a4a99671-1fc3-4568-98bf-7fc5746e910a\" data-name=\"Layer 1\" width=\"114\" height=\"79\" viewbox=\"0 0 114 79\"><polygon points=\"32.677 0 0 78.265 36.391 78.265 57.928 0 32.677 0\"><\/polygon><polygon points=\"88.749 0.735 56.072 79 92.463 79 114 0.735 88.749 0.735\"><\/polygon><\/svg>\t\t\t\t<\/span>\n\t\t\t<\/div>\n\t\t\t\n\t\t\t\t\t\t<div class=\"elementor-icon-box-content\">\n\n\t\t\t\t\t\t\t\t\t<h3 class=\"elementor-icon-box-title\">\n\t\t\t\t\t\t<span  >\n\t\t\t\t\t\t\tA quote from a company employee\t\t\t\t\t\t<\/span>\n\t\t\t\t\t<\/h3>\n\t\t\t\t\n\t\t\t\t\t\t\t\t\t<p class=\"elementor-icon-box-description\">\n\t\t\t\t\t\tEmployee Name\t\t\t\t\t<\/p>\n\t\t\t\t\n\t\t\t<\/div>\n\t\t\t\n\t\t<\/div>\n\t\t\t\t\t\t<\/div>\n\t\t\t\t\t<\/div>\n\t\t\t\t<\/div>\n\t\t<div class=\"elementor-element elementor-element-c8527ab elementor-hidden-desktop elementor-hidden-tablet elementor-hidden-mobile e-flex e-con-boxed e-con e-parent\" data-id=\"c8527ab\" data-element_type=\"container\">\n\t\t\t\t\t<div class=\"e-con-inner\">\n\t\t\t\t<div class=\"elementor-element elementor-element-1c8300a5 elementor-widget elementor-widget-heading\" data-id=\"1c8300a5\" data-element_type=\"widget\" data-widget_type=\"heading.default\">\n\t\t\t\t\t<h2 class=\"elementor-heading-title elementor-size-default\">Testimonials<\/h2>\t\t\t\t<\/div>\n\t\t<div class=\"elementor-element elementor-element-21681224 e-con-full e-flex e-con e-child\" data-id=\"21681224\" data-element_type=\"container\">\n\t\t\t\t<div class=\"elementor-element elementor-element-71ce1fe4 elementor-widget__width-initial elementor-widget-tablet__width-inherit elementor-widget elementor-widget-testimonial\" data-id=\"71ce1fe4\" data-element_type=\"widget\" data-widget_type=\"testimonial.default\">\n\t\t\t\t\t\t\t<div class=\"elementor-testimonial-wrapper\">\n\t\t\t\t\t\t\t<div class=\"elementor-testimonial-content\">\"A testimonial from a customer who benefited from your product or service. Testimonials can be a highly effective way of establishing credibility and increasing your company's reputation.\"<\/div>\n\t\t\t\n\t\t\t\t\t\t<div class=\"elementor-testimonial-meta elementor-has-image elementor-testimonial-image-position-aside\">\n\t\t\t\t<div class=\"elementor-testimonial-meta-inner\">\n\t\t\t\t\t\t\t\t\t\t\t<div class=\"elementor-testimonial-image\">\n\t\t\t\t\t\t\t<img loading=\"lazy\" decoding=\"async\" width=\"63\" height=\"63\" src=\"https:\/\/sequencesephemeres.com\/wp-content\/uploads\/2025\/07\/63x63.jpg\" class=\"attachment-full size-full wp-image-17\" alt=\"\" \/>\t\t\t\t\t\t<\/div>\n\t\t\t\t\t\n\t\t\t\t\t\t\t\t\t\t<div class=\"elementor-testimonial-details\">\n\t\t\t\t\t\t\t\t\t\t\t\t\t\t<div class=\"elementor-testimonial-name\">Customer Name<\/div>\n\t\t\t\t\t\t\t\t\t\t\t\t\t\t\t\t\t\t\t<\/div>\n\t\t\t\t\t\t\t\t\t<\/div>\n\t\t\t<\/div>\n\t\t\t\t\t<\/div>\n\t\t\t\t\t\t<\/div>\n\t\t\t\t<div class=\"elementor-element elementor-element-2d660e1b elementor-widget__width-initial elementor-widget-tablet__width-inherit elementor-widget elementor-widget-testimonial\" data-id=\"2d660e1b\" data-element_type=\"widget\" data-widget_type=\"testimonial.default\">\n\t\t\t\t\t\t\t<div class=\"elementor-testimonial-wrapper\">\n\t\t\t\t\t\t\t<div class=\"elementor-testimonial-content\">\"A testimonial from a customer who benefited from your product or service. Testimonials can be a highly effective way of establishing credibility and increasing your company's reputation.\"<\/div>\n\t\t\t\n\t\t\t\t\t\t<div class=\"elementor-testimonial-meta elementor-has-image elementor-testimonial-image-position-aside\">\n\t\t\t\t<div class=\"elementor-testimonial-meta-inner\">\n\t\t\t\t\t\t\t\t\t\t\t<div class=\"elementor-testimonial-image\">\n\t\t\t\t\t\t\t<img loading=\"lazy\" decoding=\"async\" width=\"63\" height=\"63\" src=\"https:\/\/sequencesephemeres.com\/wp-content\/uploads\/2025\/07\/63x63.jpg\" class=\"attachment-full size-full wp-image-17\" alt=\"\" \/>\t\t\t\t\t\t<\/div>\n\t\t\t\t\t\n\t\t\t\t\t\t\t\t\t\t<div class=\"elementor-testimonial-details\">\n\t\t\t\t\t\t\t\t\t\t\t\t\t\t<div class=\"elementor-testimonial-name\">Customer Name<\/div>\n\t\t\t\t\t\t\t\t\t\t\t\t\t\t\t\t\t\t\t<\/div>\n\t\t\t\t\t\t\t\t\t<\/div>\n\t\t\t<\/div>\n\t\t\t\t\t<\/div>\n\t\t\t\t\t\t<\/div>\n\t\t\t\t<div class=\"elementor-element elementor-element-44989a1e elementor-widget__width-initial elementor-widget-tablet__width-inherit elementor-widget elementor-widget-testimonial\" data-id=\"44989a1e\" data-element_type=\"widget\" data-widget_type=\"testimonial.default\">\n\t\t\t\t\t\t\t<div class=\"elementor-testimonial-wrapper\">\n\t\t\t\t\t\t\t<div class=\"elementor-testimonial-content\">\"A testimonial from a customer who benefited from your product or service. Testimonials can be a highly effective way of establishing credibility and increasing your company's reputation.\"<\/div>\n\t\t\t\n\t\t\t\t\t\t<div class=\"elementor-testimonial-meta elementor-has-image elementor-testimonial-image-position-aside\">\n\t\t\t\t<div class=\"elementor-testimonial-meta-inner\">\n\t\t\t\t\t\t\t\t\t\t\t<div class=\"elementor-testimonial-image\">\n\t\t\t\t\t\t\t<img loading=\"lazy\" decoding=\"async\" width=\"63\" height=\"63\" src=\"https:\/\/sequencesephemeres.com\/wp-content\/uploads\/2025\/07\/63x63.jpg\" class=\"attachment-full size-full wp-image-17\" alt=\"\" \/>\t\t\t\t\t\t<\/div>\n\t\t\t\t\t\n\t\t\t\t\t\t\t\t\t\t<div class=\"elementor-testimonial-details\">\n\t\t\t\t\t\t\t\t\t\t\t\t\t\t<div class=\"elementor-testimonial-name\">Customer Name<\/div>\n\t\t\t\t\t\t\t\t\t\t\t\t\t\t\t\t\t\t\t<\/div>\n\t\t\t\t\t\t\t\t\t<\/div>\n\t\t\t<\/div>\n\t\t\t\t\t<\/div>\n\t\t\t\t\t\t<\/div>\n\t\t\t\t<\/div>\n\t\t\t\t\t<\/div>\n\t\t\t\t<\/div>\n\t\t\t\t<\/div>","protected":false},"excerpt":{"rendered":"<p>Our Mission So, have you edited global styles already ;-)? If you want to preview this site&rsquo;s global styles, load the \u00ab\u00a0Global Styles\u00a0\u00bb page. Notre Petit Studio Le Studio K-Area, situ\u00e9 dans la campagne du Vauclin, au sud de la Martinique, est le c\u0153ur battant de nos activit\u00e9s.Un espace climatis\u00e9 de 5,5 m \u00d7 7,8 [&hellip;]<\/p>","protected":false},"author":1,"featured_media":0,"parent":0,"menu_order":0,"comment_status":"closed","ping_status":"closed","template":"elementor_header_footer","meta":{"footnotes":""},"class_list":["post-606","page","type-page","status-publish","hentry"],"_links":{"self":[{"href":"https:\/\/sequencesephemeres.com\/en\/wp-json\/wp\/v2\/pages\/606","targetHints":{"allow":["GET"]}}],"collection":[{"href":"https:\/\/sequencesephemeres.com\/en\/wp-json\/wp\/v2\/pages"}],"about":[{"href":"https:\/\/sequencesephemeres.com\/en\/wp-json\/wp\/v2\/types\/page"}],"author":[{"embeddable":true,"href":"https:\/\/sequencesephemeres.com\/en\/wp-json\/wp\/v2\/users\/1"}],"replies":[{"embeddable":true,"href":"https:\/\/sequencesephemeres.com\/en\/wp-json\/wp\/v2\/comments?post=606"}],"version-history":[{"count":7,"href":"https:\/\/sequencesephemeres.com\/en\/wp-json\/wp\/v2\/pages\/606\/revisions"}],"predecessor-version":[{"id":613,"href":"https:\/\/sequencesephemeres.com\/en\/wp-json\/wp\/v2\/pages\/606\/revisions\/613"}],"wp:attachment":[{"href":"https:\/\/sequencesephemeres.com\/en\/wp-json\/wp\/v2\/media?parent=606"}],"curies":[{"name":"wp","href":"https:\/\/api.w.org\/{rel}","templated":true}]}}